{"id":17,"date":"2023-11-20T23:57:45","date_gmt":"2023-11-20T22:57:45","guid":{"rendered":"https:\/\/www.liciad.com\/?page_id=17"},"modified":"2024-02-27T02:48:33","modified_gmt":"2024-02-27T01:48:33","slug":"career","status":"publish","type":"page","link":"https:\/\/www.liciad.com\/en\/career\/","title":{"rendered":"Career"},"content":{"rendered":"<div data-elementor-type=\"wp-page\" data-elementor-id=\"17\" class=\"elementor elementor-17\" data-elementor-post-type=\"page\">\n\t\t\t\t\t\t\t<div data-particle_enable=\"false\" data-particle-mobile-disabled=\"false\" class=\"elementor-element elementor-element-473d4aa e-con-full e-flex e-con e-parent\" data-id=\"473d4aa\" data-element_type=\"container\" data-settings=\"{&quot;content_width&quot;:&quot;full&quot;,&quot;background_background&quot;:&quot;classic&quot;}\" data-core-v316-plus=\"true\">\n\t\t<div data-particle_enable=\"false\" data-particle-mobile-disabled=\"false\" class=\"elementor-element elementor-element-ea21f6f e-con-full e-flex e-con e-child\" data-id=\"ea21f6f\" data-element_type=\"container\" data-settings=\"{&quot;content_width&quot;:&quot;full&quot;}\">\n\t\t<div data-particle_enable=\"false\" data-particle-mobile-disabled=\"false\" class=\"elementor-element elementor-element-fc7f9ca e-flex e-con-boxed e-con e-child\" data-id=\"fc7f9ca\" data-element_type=\"container\" data-settings=\"{&quot;content_width&quot;:&quot;boxed&quot;}\">\n\t\t\t\t\t<div class=\"e-con-inner\">\n\t\t\t\t<div class=\"elementor-element elementor-element-ca9ac3b elementor-widget elementor-widget-heading\" data-id=\"ca9ac3b\" data-element_type=\"widget\" data-widget_type=\"heading.default\">\n\t\t\t\t<div class=\"elementor-widget-container\">\n\t\t\t<style>\/*! elementor - v3.17.0 - 08-11-2023 *\/\n.elementor-heading-title{padding:0;margin:0;line-height:1}.elementor-widget-heading .elementor-heading-title[class*=elementor-size-]>a{color:inherit;font-size:inherit;line-height:inherit}.elementor-widget-heading .elementor-heading-title.elementor-size-small{font-size:15px}.elementor-widget-heading .elementor-heading-title.elementor-size-medium{font-size:19px}.elementor-widget-heading .elementor-heading-title.elementor-size-large{font-size:29px}.elementor-widget-heading .elementor-heading-title.elementor-size-xl{font-size:39px}.elementor-widget-heading .elementor-heading-title.elementor-size-xxl{font-size:59px}<\/style><h2 class=\"elementor-heading-title elementor-size-default\">Career<\/h2>\t\t<\/div>\n\t\t\t\t<\/div>\n\t\t<div data-particle_enable=\"false\" data-particle-mobile-disabled=\"false\" class=\"elementor-element elementor-element-13419e4 e-con-full e-flex e-con e-child\" data-id=\"13419e4\" data-element_type=\"container\" data-settings=\"{&quot;content_width&quot;:&quot;full&quot;}\">\n\t\t\t\t<div class=\"elementor-element elementor-element-b3703cd elementor-widget__width-initial background-text-gradient-2 elementor-widget-mobile__width-inherit elementor-widget elementor-widget-heading\" data-id=\"b3703cd\" data-element_type=\"widget\" data-widget_type=\"heading.default\">\n\t\t\t\t<div class=\"elementor-widget-container\">\n\t\t\t<h1 class=\"elementor-heading-title elementor-size-default\">Pracovn\u00e9 ponuky<\/h1>\t\t<\/div>\n\t\t\t\t<\/div>\n\t\t\t\t<\/div>\n\t\t\t\t<div class=\"elementor-element elementor-element-9049086 elementor-widget__width-initial elementor-widget elementor-widget-text-editor\" data-id=\"9049086\" data-element_type=\"widget\" data-widget_type=\"text-editor.default\">\n\t\t\t\t<div class=\"elementor-widget-container\">\n\t\t\t<style>\/*! elementor - v3.17.0 - 08-11-2023 *\/\n.elementor-widget-text-editor.elementor-drop-cap-view-stacked .elementor-drop-cap{background-color:#69727d;color:#fff}.elementor-widget-text-editor.elementor-drop-cap-view-framed .elementor-drop-cap{color:#69727d;border:3px solid;background-color:transparent}.elementor-widget-text-editor:not(.elementor-drop-cap-view-default) .elementor-drop-cap{margin-top:8px}.elementor-widget-text-editor:not(.elementor-drop-cap-view-default) .elementor-drop-cap-letter{width:1em;height:1em}.elementor-widget-text-editor .elementor-drop-cap{float:left;text-align:center;line-height:1;font-size:50px}.elementor-widget-text-editor .elementor-drop-cap-letter{display:inline-block}<\/style>\t\t\t\t<p>V na\u0161ej marketingovej agent\u00fare h\u013ead\u00e1me kreat\u00edvnych \u013eud\u00ed, ktor\u00ed s\u00fa pripraven\u00ed zdie\u013ea\u0165 na\u0161u v\u00e1\u0161e\u0148 pre inov\u00e1cie a tvorbu jedine\u010dn\u00fdch marketingov\u00fdch kampan\u00ed. Pripojte sa k n\u00e1m a pom\u00f4\u017ete n\u00e1m formova\u0165 bud\u00facnos\u0165 marketingu!<\/p>\t\t\t\t\t\t<\/div>\n\t\t\t\t<\/div>\n\t\t\t\t\t<\/div>\n\t\t\t\t<\/div>\n\t\t<div data-particle_enable=\"false\" data-particle-mobile-disabled=\"false\" class=\"elementor-element elementor-element-aff67cd e-flex e-con-boxed e-con e-child\" data-id=\"aff67cd\" data-element_type=\"container\" data-settings=\"{&quot;content_width&quot;:&quot;boxed&quot;}\">\n\t\t\t\t\t<div class=\"e-con-inner\">\n\t\t<div data-particle_enable=\"false\" data-particle-mobile-disabled=\"false\" class=\"elementor-element elementor-element-8ddecdd e-con-full e-flex e-con e-child\" data-id=\"8ddecdd\" data-element_type=\"container\" data-settings=\"{&quot;content_width&quot;:&quot;full&quot;}\">\n\t\t\t\t<div class=\"elementor-element elementor-element-40487af elementor-widget elementor-widget-shortcode\" data-id=\"40487af\" data-element_type=\"widget\" data-widget_type=\"shortcode.default\">\n\t\t\t\t<div class=\"elementor-widget-container\">\n\t\t\t\t\t<div class=\"elementor-shortcode\"><\/div>\n\t\t\t\t<\/div>\n\t\t\t\t<\/div>\n\t\t\t\t<\/div>\n\t\t\t\t\t<\/div>\n\t\t\t\t<\/div>\n\t\t\t\t<\/div>\n\t\t\t\t<\/div>\n\t\t<div data-particle_enable=\"false\" data-particle-mobile-disabled=\"false\" class=\"elementor-element elementor-element-99b4f81 e-flex e-con-boxed e-con e-parent\" data-id=\"99b4f81\" data-element_type=\"container\" data-settings=\"{&quot;background_background&quot;:&quot;classic&quot;,&quot;content_width&quot;:&quot;boxed&quot;}\" data-core-v316-plus=\"true\">\n\t\t\t\t\t<div class=\"e-con-inner\">\n\t\t\t\t<div class=\"elementor-element elementor-element-739b7f3 elementor-widget__width-initial background-text-gradient-2 elementor-widget-mobile__width-inherit elementor-widget elementor-widget-heading\" data-id=\"739b7f3\" data-element_type=\"widget\" data-widget_type=\"heading.default\">\n\t\t\t\t<div class=\"elementor-widget-container\">\n\t\t\t<h4 class=\"elementor-heading-title elementor-size-default\">Nena\u0161li ste poz\u00edciu,\nktor\u00fa ste h\u013eadali?<\/h4>\t\t<\/div>\n\t\t\t\t<\/div>\n\t\t\t\t<div class=\"elementor-element elementor-element-717a5a4 elementor-widget elementor-widget-text-editor\" data-id=\"717a5a4\" data-element_type=\"widget\" data-widget_type=\"text-editor.default\">\n\t\t\t\t<div class=\"elementor-widget-container\">\n\t\t\t\t\t\t\t<p>\u010eakujeme za v\u00e1\u0161 z\u00e1ujem o kari\u00e9rne mo\u017enosti v na\u0161ej marketingovej agent\u00fare. Moment\u00e1lne nem\u00e1me otvoren\u00e9 \u017eiadne poz\u00edcie, ale st\u00e1le radi udr\u017eujeme kontakt s talentovan\u00fdmi \u013eu\u010fmi, ktor\u00ed by mohli prispie\u0165 k na\u0161ej bud\u00facej expanzii.<\/p>\t\t\t\t\t\t<\/div>\n\t\t\t\t<\/div>\n\t\t\t\t<div class=\"elementor-element elementor-element-a8d9445 elementor-widget elementor-widget-button\" data-id=\"a8d9445\" data-element_type=\"widget\" data-widget_type=\"button.default\">\n\t\t\t\t<div class=\"elementor-widget-container\">\n\t\t\t\t\t<div class=\"elementor-button-wrapper\">\n\t\t\t<a class=\"elementor-button elementor-button-link elementor-size-sm\" href=\"https:\/\/www.liciad.com\/en\/contact\/\">\n\t\t\t\t\t\t<span class=\"elementor-button-content-wrapper\">\n\t\t\t\t\t\t<span class=\"elementor-button-text\">Kontaktujte n\u00e1s<\/span>\n\t\t<\/span>\n\t\t\t\t\t<\/a>\n\t\t<\/div>\n\t\t\t\t<\/div>\n\t\t\t\t<\/div>\n\t\t\t\t\t<\/div>\n\t\t\t\t<\/div>\n\t\t\t\t\t\t\t<\/div>","protected":false},"excerpt":{"rendered":"<p>Kari\u00e9ra Pracovn\u00e9 ponuky V na\u0161ej marketingovej agent\u00fare h\u013ead\u00e1me kreat\u00edvnych \u013eud\u00ed, ktor\u00ed s\u00fa pripraven\u00ed zdie\u013ea\u0165 na\u0161u v\u00e1\u0161e\u0148 pre inov\u00e1cie a tvorbu jedine\u010dn\u00fdch marketingov\u00fdch kampan\u00ed. Pripojte sa k n\u00e1m a pom\u00f4\u017ete n\u00e1m formova\u0165 bud\u00facnos\u0165 marketingu! Nena\u0161li ste poz\u00edciu, ktor\u00fa ste h\u013eadali? \u010eakujeme za v\u00e1\u0161 z\u00e1ujem o kari\u00e9rne mo\u017enosti v na\u0161ej marketingovej agent\u00fare. Moment\u00e1lne nem\u00e1me otvoren\u00e9 \u017eiadne poz\u00edcie, [&hellip;]<\/p>","protected":false},"author":1,"featured_media":0,"parent":0,"menu_order":0,"comment_status":"closed","ping_status":"closed","template":"","meta":{"footnotes":""},"class_list":["post-17","page","type-page","status-publish","hentry"],"acf":[],"_links":{"self":[{"href":"https:\/\/www.liciad.com\/en\/wp-json\/wp\/v2\/pages\/17","targetHints":{"allow":["GET"]}}],"collection":[{"href":"https:\/\/www.liciad.com\/en\/wp-json\/wp\/v2\/pages"}],"about":[{"href":"https:\/\/www.liciad.com\/en\/wp-json\/wp\/v2\/types\/page"}],"author":[{"embeddable":true,"href":"https:\/\/www.liciad.com\/en\/wp-json\/wp\/v2\/users\/1"}],"replies":[{"embeddable":true,"href":"https:\/\/www.liciad.com\/en\/wp-json\/wp\/v2\/comments?post=17"}],"version-history":[{"count":43,"href":"https:\/\/www.liciad.com\/en\/wp-json\/wp\/v2\/pages\/17\/revisions"}],"predecessor-version":[{"id":3056,"href":"https:\/\/www.liciad.com\/en\/wp-json\/wp\/v2\/pages\/17\/revisions\/3056"}],"wp:attachment":[{"href":"https:\/\/www.liciad.com\/en\/wp-json\/wp\/v2\/media?parent=17"}],"curies":[{"name":"wp","href":"https:\/\/api.w.org\/{rel}","templated":true}]}}