{"id":9,"date":"2023-11-20T23:55:37","date_gmt":"2023-11-20T22:55:37","guid":{"rendered":"https:\/\/www.liciad.com\/?page_id=9"},"modified":"2024-02-27T02:49:03","modified_gmt":"2024-02-27T01:49:03","slug":"works","status":"publish","type":"page","link":"https:\/\/www.liciad.com\/en\/works\/","title":{"rendered":"Works"},"content":{"rendered":"<div data-elementor-type=\"wp-page\" data-elementor-id=\"9\" class=\"elementor elementor-9\" data-elementor-post-type=\"page\">\n\t\t\t\t\t\t\t<div data-particle_enable=\"false\" data-particle-mobile-disabled=\"false\" class=\"elementor-element elementor-element-a30b96b e-flex e-con-boxed e-con e-parent\" data-id=\"a30b96b\" data-element_type=\"container\" data-settings=\"{&quot;background_background&quot;:&quot;classic&quot;,&quot;content_width&quot;:&quot;boxed&quot;}\" data-core-v316-plus=\"true\">\n\t\t\t\t\t<div class=\"e-con-inner\">\n\t\t\t\t<div class=\"elementor-element elementor-element-a3b2375 elementor-widget elementor-widget-heading\" data-id=\"a3b2375\" data-element_type=\"widget\" data-widget_type=\"heading.default\">\n\t\t\t\t<div class=\"elementor-widget-container\">\n\t\t\t<style>\/*! elementor - v3.17.0 - 08-11-2023 *\/\n.elementor-heading-title{padding:0;margin:0;line-height:1}.elementor-widget-heading .elementor-heading-title[class*=elementor-size-]>a{color:inherit;font-size:inherit;line-height:inherit}.elementor-widget-heading .elementor-heading-title.elementor-size-small{font-size:15px}.elementor-widget-heading .elementor-heading-title.elementor-size-medium{font-size:19px}.elementor-widget-heading .elementor-heading-title.elementor-size-large{font-size:29px}.elementor-widget-heading .elementor-heading-title.elementor-size-xl{font-size:39px}.elementor-widget-heading .elementor-heading-title.elementor-size-xxl{font-size:59px}<\/style><h2 class=\"elementor-heading-title elementor-size-default\">Na\u0161e pr\u00e1ce<\/h2>\t\t<\/div>\n\t\t\t\t<\/div>\n\t\t\t\t<div class=\"elementor-element elementor-element-a3abe14 elementor-widget__width-initial background-text-gradient-2 elementor-widget-mobile__width-initial elementor-widget elementor-widget-heading\" data-id=\"a3abe14\" data-element_type=\"widget\" data-widget_type=\"heading.default\">\n\t\t\t\t<div class=\"elementor-widget-container\">\n\t\t\t<h1 class=\"elementor-heading-title elementor-size-default\">Creative solutions for your business<\/h1>\t\t<\/div>\n\t\t\t\t<\/div>\n\t\t\t\t<div class=\"elementor-element elementor-element-fc1f77f elementor-widget elementor-widget-shortcode\" data-id=\"fc1f77f\" data-element_type=\"widget\" data-widget_type=\"shortcode.default\">\n\t\t\t\t<div class=\"elementor-widget-container\">\n\t\t\t\t\t<div class=\"elementor-shortcode\"><div class=\"works\">\r\n                        <div class=\"works__disciplines\"><div class=\"works__discipline active\" data-discipline=\"all\">V\u0161etky<\/div><div class=\"works__discipline\" data-discipline=\"Foto a video produkcia\">Foto a video produkcia<\/div><div class=\"works__discipline\" data-discipline=\"Social Media\">Social Media<\/div><div class=\"works__discipline\" data-discipline=\"3D produkcia\">3D produkcia<\/div><div class=\"works__discipline\" data-discipline=\"Web design\">Web design<\/div><div class=\"works__discipline\" data-discipline=\"TV\">TV<\/div><div class=\"works__discipline\" data-discipline=\"Event\">Event<\/div><div class=\"works__discipline\" data-discipline=\"Print\">Print<\/div><div class=\"works__discipline\" data-discipline=\"Corporate Identity\">Corporate Identity<\/div><div class=\"works__discipline\" data-discipline=\"Influencer Marketing\">Influencer Marketing<\/div><div class=\"works__discipline\" data-discipline=\"Performance\">Performance<\/div><div class=\"works__discipline\" data-discipline=\"Kampane\">Kampane<\/div><div class=\"works__discipline\" data-discipline=\"OOH\">OOH<\/div><\/div><div class=\"works__grid\"><a class=\"referral\" style=\"background:linear-gradient(180deg, rgba(11,11,11,0.5) 0%, rgba(255,255,255,0) 40%, rgba(255,255,255,0) 60%, rgba(11,11,11,0.5) 100%), url();\" href=\"https:\/\/www.liciad.com\/en\/referral\/mojobchod-social-media-strategia\/\"><video class=\"referral__video\" autoplay muted playsinline loop preload=\"auto\" poster=\"https:\/\/www.liciad.com\/wp-content\/uploads\/2024\/02\/Moj-obchod-social.png\" type=\"video\/mp4\"><source src=\"https:\/\/www.liciad.com\/wp-content\/uploads\/2024\/02\/MO_SOME_THUMBNAIL.mp4\" type=\"video\/mp4\"><\/video><div class=\"referral__video-overlay\"><\/div><div class=\"referral__disciplines\"><div class=\"referral__discipline\">Creative strategy<\/div><div class=\"referral__discipline\">Foto a video produkcia<\/div><div class=\"referral__discipline\">Social Media<\/div><\/div>\r\n                    <div class=\"referral__info\">\r\n                        <h3 class=\"referral__name\">M\u00f4jobchod<\/h3>\r\n                        <div class=\"referral__excerpt\">Social Media Strategy<\/div>\r\n                    <\/div>\r\n                <\/a><a class=\"referral\" style=\"background:linear-gradient(180deg, rgba(11,11,11,0.5) 0%, rgba(255,255,255,0) 40%, rgba(255,255,255,0) 60%, rgba(11,11,11,0.5) 100%), url();\" href=\"https:\/\/www.liciad.com\/en\/referral\/edo-kin\/\"><video class=\"referral__video\" autoplay muted playsinline loop preload=\"auto\" poster=\"https:\/\/www.liciad.com\/wp-content\/uploads\/2024\/02\/Edo-kin.png\" type=\"video\/mp4\"><source src=\"https:\/\/www.liciad.com\/wp-content\/uploads\/2023\/12\/edokin_thumnail_3d_prod.mp4\" type=\"video\/mp4\"><\/video><div class=\"referral__video-overlay\"><\/div><div class=\"referral__disciplines\"><div class=\"referral__discipline\">Creative strategy<\/div><div class=\"referral__discipline\">Social Media<\/div><div class=\"referral__discipline\">3D produkcia<\/div><\/div>\r\n                    <div class=\"referral__info\">\r\n                        <h3 class=\"referral__name\">EDO-KIN<\/h3>\r\n                        <div class=\"referral__excerpt\">Social Media a 3D produkcia<\/div>\r\n                    <\/div>\r\n                <\/a><a class=\"referral\" style=\"background:linear-gradient(180deg, rgba(11,11,11,0.5) 0%, rgba(255,255,255,0) 40%, rgba(255,255,255,0) 60%, rgba(11,11,11,0.5) 100%), url(https:\/\/www.liciad.com\/wp-content\/uploads\/2024\/01\/PREMAC_thumbnail-1.jpg);\" href=\"https:\/\/www.liciad.com\/en\/referral\/pan-majster\/\"><div class=\"referral__disciplines\"><div class=\"referral__discipline\">Web design<\/div><div class=\"referral__discipline\">Foto a video produkcia<\/div><div class=\"referral__discipline\">Social Media<\/div><\/div>\r\n                    <div class=\"referral__info\">\r\n                        <h3 class=\"referral__name\">Premac<\/h3>\r\n                        <div class=\"referral__excerpt\"> Social Media kampa\u0148 \u201cP\u00e1n Majster\u201d <\/div>\r\n                    <\/div>\r\n                <\/a><a class=\"referral\" style=\"background:linear-gradient(180deg, rgba(11,11,11,0.5) 0%, rgba(255,255,255,0) 40%, rgba(255,255,255,0) 60%, rgba(11,11,11,0.5) 100%), url();\" href=\"https:\/\/www.liciad.com\/en\/referral\/mojobchod-tv-produkcia\/\"><video class=\"referral__video\" autoplay muted playsinline loop preload=\"auto\" poster=\"https:\/\/www.liciad.com\/wp-content\/uploads\/2024\/02\/Moj-obchod.png\" type=\"video\/mp4\"><source src=\"https:\/\/www.liciad.com\/wp-content\/uploads\/2024\/02\/MO_tv_production_thumbnail.mp4\" type=\"video\/mp4\"><\/video><div class=\"referral__video-overlay\"><\/div><div class=\"referral__disciplines\"><div class=\"referral__discipline\">Creative strategy<\/div><div class=\"referral__discipline\">Foto a video produkcia<\/div><div class=\"referral__discipline\">TV<\/div><\/div>\r\n                    <div class=\"referral__info\">\r\n                        <h3 class=\"referral__name\">M\u00f4jobchod<\/h3>\r\n                        <div class=\"referral__excerpt\">TV produkcia<\/div>\r\n                    <\/div>\r\n                <\/a><a class=\"referral\" style=\"background:linear-gradient(180deg, rgba(11,11,11,0.5) 0%, rgba(255,255,255,0) 40%, rgba(255,255,255,0) 60%, rgba(11,11,11,0.5) 100%), url();\" href=\"https:\/\/www.liciad.com\/en\/referral\/pizza-me-slovensko\/\"><video class=\"referral__video\" autoplay muted playsinline loop preload=\"auto\" poster=\"https:\/\/www.liciad.com\/wp-content\/uploads\/2024\/02\/Pizza-me-grand.png\" type=\"video\/mp4\"><source src=\"https:\/\/www.liciad.com\/wp-content\/uploads\/2024\/01\/pizzame_thumbnail.mp4\" type=\"video\/mp4\"><\/video><div class=\"referral__video-overlay\"><\/div><div class=\"referral__disciplines\"><div class=\"referral__discipline\">Foto a video produkcia<\/div><div class=\"referral__discipline\">Event<\/div><div class=\"referral__discipline\">Social Media<\/div><\/div>\r\n                    <div class=\"referral__info\">\r\n                        <h3 class=\"referral__name\">Pizza Me<\/h3>\r\n                        <div class=\"referral__excerpt\">Grand Opening Slovensko<\/div>\r\n                    <\/div>\r\n                <\/a><a class=\"referral\" style=\"background:linear-gradient(180deg, rgba(11,11,11,0.5) 0%, rgba(255,255,255,0) 40%, rgba(255,255,255,0) 60%, rgba(11,11,11,0.5) 100%), url();\" href=\"https:\/\/www.liciad.com\/en\/referral\/premac\/\"><video class=\"referral__video\" autoplay muted playsinline loop preload=\"auto\" poster=\"https:\/\/www.liciad.com\/wp-content\/uploads\/2024\/02\/premac.png\" type=\"video\/mp4\"><source src=\"https:\/\/www.liciad.com\/wp-content\/uploads\/2023\/12\/PREMAC_SoME_Thumbnail.mp4\" type=\"video\/mp4\"><\/video><div class=\"referral__video-overlay\"><\/div><div class=\"referral__disciplines\"><div class=\"referral__discipline\">Creative strategy<\/div><div class=\"referral__discipline\">Social Media<\/div><div class=\"referral__discipline\">3D produkcia<\/div><\/div>\r\n                    <div class=\"referral__info\">\r\n                        <h3 class=\"referral__name\">Premac<\/h3>\r\n                        <div class=\"referral__excerpt\">Social Media a 3D produkcia<\/div>\r\n                    <\/div>\r\n                <\/a><a class=\"referral\" style=\"background:linear-gradient(180deg, rgba(11,11,11,0.5) 0%, rgba(255,255,255,0) 40%, rgba(255,255,255,0) 60%, rgba(11,11,11,0.5) 100%), url();\" href=\"https:\/\/www.liciad.com\/en\/referral\/pizza-me\/\"><video class=\"referral__video\" autoplay muted playsinline loop preload=\"auto\" poster=\"https:\/\/www.liciad.com\/wp-content\/uploads\/2024\/02\/Pizza-me-social.png\" type=\"video\/mp4\"><source src=\"https:\/\/www.liciad.com\/wp-content\/uploads\/2024\/01\/thumbnail_pizzame.mp4\" type=\"video\/mp4\"><\/video><div class=\"referral__video-overlay\"><\/div><div class=\"referral__disciplines\"><div class=\"referral__discipline\">Creative strategy<\/div><div class=\"referral__discipline\">Foto a video produkcia<\/div><div class=\"referral__discipline\">Social Media<\/div><\/div>\r\n                    <div class=\"referral__info\">\r\n                        <h3 class=\"referral__name\">Pizza Me<\/h3>\r\n                        <div class=\"referral__excerpt\">Social Media, foto a videoprodukcia<\/div>\r\n                    <\/div>\r\n                <\/a><a class=\"referral\" style=\"background:linear-gradient(180deg, rgba(11,11,11,0.5) 0%, rgba(255,255,255,0) 40%, rgba(255,255,255,0) 60%, rgba(11,11,11,0.5) 100%), url(https:\/\/www.liciad.com\/wp-content\/uploads\/2024\/01\/YoPRO_thumbnail.jpg);\" href=\"https:\/\/www.liciad.com\/en\/referral\/yopro\/\"><div class=\"referral__disciplines\"><div class=\"referral__discipline\">Web design<\/div><div class=\"referral__discipline\">Print<\/div><div class=\"referral__discipline\">Event<\/div><\/div>\r\n                    <div class=\"referral__info\">\r\n                        <h3 class=\"referral__name\">YoPRO SK\/CZ<\/h3>\r\n                        <div class=\"referral__excerpt\">Launch brandu<\/div>\r\n                    <\/div>\r\n                <\/a><a class=\"referral\" style=\"background:linear-gradient(180deg, rgba(11,11,11,0.5) 0%, rgba(255,255,255,0) 40%, rgba(255,255,255,0) 60%, rgba(11,11,11,0.5) 100%), url();\" href=\"https:\/\/www.liciad.com\/en\/referral\/mojobchod-redizajn\/\"><video class=\"referral__video\" autoplay muted playsinline loop preload=\"auto\" type=\"video\/mp4\"><source src=\"https:\/\/www.liciad.com\/wp-content\/uploads\/2024\/02\/hero-image_v2.mp4\" type=\"video\/mp4\"><\/video><div class=\"referral__video-overlay\"><\/div><div class=\"referral__disciplines\"><div class=\"referral__discipline\">Corporate Identity<\/div><\/div>\r\n                    <div class=\"referral__info\">\r\n                        <h3 class=\"referral__name\">M\u00f4jobchod<\/h3>\r\n                        <div class=\"referral__excerpt\">Redizajn Brand manu\u00e1lu<\/div>\r\n                    <\/div>\r\n                <\/a><a class=\"referral\" style=\"background:linear-gradient(180deg, rgba(11,11,11,0.5) 0%, rgba(255,255,255,0) 40%, rgba(255,255,255,0) 60%, rgba(11,11,11,0.5) 100%), url(https:\/\/www.liciad.com\/wp-content\/uploads\/2024\/01\/ALRPO_NOSUGAR_thumbnail.jpg);\" href=\"https:\/\/www.liciad.com\/en\/referral\/alpro-no-sugar\/\"><div class=\"referral__disciplines\"><div class=\"referral__discipline\">Print<\/div><div class=\"referral__discipline\">Event<\/div><div class=\"referral__discipline\">Social Media<\/div><div class=\"referral__discipline\">TV<\/div><div class=\"referral__discipline\">Influencer Marketing<\/div><\/div>\r\n                    <div class=\"referral__info\">\r\n                        <h3 class=\"referral__name\">Alpro \u201cNo sugars\u201d<\/h3>\r\n                        <div class=\"referral__excerpt\">360\u00b0 Kampa\u0148<\/div>\r\n                    <\/div>\r\n                <\/a><a class=\"referral\" style=\"background:linear-gradient(180deg, rgba(11,11,11,0.5) 0%, rgba(255,255,255,0) 40%, rgba(255,255,255,0) 60%, rgba(11,11,11,0.5) 100%), url(https:\/\/www.liciad.com\/wp-content\/uploads\/2024\/02\/MO_extra_gizka_thumbnail.jpg);\" href=\"https:\/\/www.liciad.com\/en\/referral\/mojobchod-tv-produkcia-2\/\"><div class=\"referral__disciplines\"><div class=\"referral__discipline\">Creative strategy<\/div><div class=\"referral__discipline\">Foto a video produkcia<\/div><div class=\"referral__discipline\">Social Media<\/div><div class=\"referral__discipline\">TV<\/div><div class=\"referral__discipline\">Performance<\/div><\/div>\r\n                    <div class=\"referral__info\">\r\n                        <h3 class=\"referral__name\">M\u00f4jobchod<\/h3>\r\n                        <div class=\"referral__excerpt\">Social Media kampa\u0148 na odpromovanie <br\/>mobilnej aplik\u00e1cie M\u00f4jobchod Extra<\/div>\r\n                    <\/div>\r\n                <\/a><a class=\"referral\" style=\"background:linear-gradient(180deg, rgba(11,11,11,0.5) 0%, rgba(255,255,255,0) 40%, rgba(255,255,255,0) 60%, rgba(11,11,11,0.5) 100%), url(https:\/\/www.liciad.com\/wp-content\/uploads\/2025\/10\/PLANEO_04.png);\" href=\"https:\/\/www.liciad.com\/en\/referral\/planeo-je-naozaj-vsade\/\"><video class=\"referral__video\" autoplay muted playsinline loop preload=\"auto\" poster=\"https:\/\/www.liciad.com\/wp-content\/uploads\/2025\/10\/PLANEO_04.png\" type=\"video\/mp4\"><source src=\"https:\/\/www.liciad.com\/wp-content\/uploads\/2025\/10\/PLANEO_Thumbnail2.mp4\" type=\"video\/mp4\"><\/video><div class=\"referral__video-overlay\"><\/div><div class=\"referral__disciplines\"><div class=\"referral__discipline\">Kampane<\/div><div class=\"referral__discipline\">TV<\/div><\/div>\r\n                    <div class=\"referral__info\">\r\n                        <h3 class=\"referral__name\">PLANEO je naozaj v\u0161ade<\/h3>\r\n                        <div class=\"referral__excerpt\">Intern\u00e1 komunik\u00e1cia<\/div>\r\n                    <\/div>\r\n                <\/a><a class=\"referral\" style=\"background:linear-gradient(180deg, rgba(11,11,11,0.5) 0%, rgba(255,255,255,0) 40%, rgba(255,255,255,0) 60%, rgba(11,11,11,0.5) 100%), url(https:\/\/www.liciad.com\/wp-content\/uploads\/2024\/02\/slovnaft-vurup.jpg);\" href=\"https:\/\/www.liciad.com\/en\/referral\/slovnaft-a-vurup-interna-komunikacia\/\"><div class=\"referral__disciplines\"><div class=\"referral__discipline\">Creative strategy<\/div><div class=\"referral__discipline\">Print<\/div><\/div>\r\n                    <div class=\"referral__info\">\r\n                        <h3 class=\"referral__name\">Slovnaft a V\u00daRUP<\/h3>\r\n                        <div class=\"referral__excerpt\">Intern\u00e1 komunik\u00e1cia<\/div>\r\n                    <\/div>\r\n                <\/a><a class=\"referral\" style=\"background:linear-gradient(180deg, rgba(11,11,11,0.5) 0%, rgba(255,255,255,0) 40%, rgba(255,255,255,0) 60%, rgba(11,11,11,0.5) 100%), url(https:\/\/www.liciad.com\/wp-content\/uploads\/2024\/02\/METRO_Lead_generatiion.jpg);\" href=\"https:\/\/www.liciad.com\/en\/referral\/metro-naborova-kampan\/\"><div class=\"referral__disciplines\"><div class=\"referral__discipline\">Performance<\/div><\/div>\r\n                    <div class=\"referral__info\">\r\n                        <h3 class=\"referral__name\">METRO<\/h3>\r\n                        <div class=\"referral__excerpt\">N\u00e1borov\u00e1 Lead Generation kampa\u0148<\/div>\r\n                    <\/div>\r\n                <\/a><a class=\"referral\" style=\"background:linear-gradient(180deg, rgba(11,11,11,0.5) 0%, rgba(255,255,255,0) 40%, rgba(255,255,255,0) 60%, rgba(11,11,11,0.5) 100%), url(https:\/\/www.liciad.com\/wp-content\/uploads\/2024\/02\/CTL-2-a9031105d7093a6b1831c6df6f6125dd.jpg);\" href=\"https:\/\/www.liciad.com\/en\/referral\/dominos-pizza\/\"><div class=\"referral__disciplines\"><div class=\"referral__discipline\">Print<\/div><div class=\"referral__discipline\">Social Media<\/div><div class=\"referral__discipline\">OOH<\/div><\/div>\r\n                    <div class=\"referral__info\">\r\n                        <h3 class=\"referral__name\">Domino&#8217;s Pizza<\/h3>\r\n                        <div class=\"referral__excerpt\">OOH, Print, Social Media<\/div>\r\n                    <\/div>\r\n                <\/a><a class=\"referral\" style=\"background:linear-gradient(180deg, rgba(11,11,11,0.5) 0%, rgba(255,255,255,0) 40%, rgba(255,255,255,0) 60%, rgba(11,11,11,0.5) 100%), url(https:\/\/www.liciad.com\/wp-content\/uploads\/2024\/02\/subway_big_thumb.jpg);\" href=\"https:\/\/www.liciad.com\/en\/referral\/subway\/\"><div class=\"referral__disciplines\"><div class=\"referral__discipline\">Print<\/div><div class=\"referral__discipline\">Social Media<\/div><div class=\"referral__discipline\">OOH<\/div><\/div>\r\n                    <div class=\"referral__info\">\r\n                        <h3 class=\"referral__name\">Subway\u00ae<\/h3>\r\n                        <div class=\"referral__excerpt\">Social Media a OOH<\/div>\r\n                    <\/div>\r\n                <\/a><\/div><\/div><script>\r\n                    jQuery(document).ready(function($){\r\n                        $(\".works__discipline\").click(function(){\r\n                            $(\".works__discipline\").removeClass(\"active\");\r\n                            $(this).addClass(\"active\");\r\n                            var discipline = $(this).data(\"discipline\");\r\n                            $(\".referral\").hide();\r\n                            if(discipline == \"all\"){\r\n                                $(\".referral\").show();\r\n                            } else {\r\n                                $(\".referral\").each(function(){\r\n                                    if($(this).find(\".referral__discipline:contains(\"+discipline+\")\").length){\r\n                                        $(this).show();\r\n                                    }\r\n                                });\r\n                            }\r\n                        });\r\n                    });\r\n                <\/script><\/div>\n\t\t\t\t<\/div>\n\t\t\t\t<\/div>\n\t\t\t\t\t<\/div>\n\t\t\t\t<\/div>\n\t\t\t\t\t\t\t<\/div>","protected":false},"excerpt":{"rendered":"<p>Na\u0161e pr\u00e1ce Kreat\u00edvne rie\u0161enia pre v\u00e1\u0161 biznis<\/p>","protected":false},"author":1,"featured_media":0,"parent":0,"menu_order":0,"comment_status":"closed","ping_status":"closed","template":"","meta":{"footnotes":""},"class_list":["post-9","page","type-page","status-publish","hentry"],"acf":[],"_links":{"self":[{"href":"https:\/\/www.liciad.com\/en\/wp-json\/wp\/v2\/pages\/9","targetHints":{"allow":["GET"]}}],"collection":[{"href":"https:\/\/www.liciad.com\/en\/wp-json\/wp\/v2\/pages"}],"about":[{"href":"https:\/\/www.liciad.com\/en\/wp-json\/wp\/v2\/types\/page"}],"author":[{"embeddable":true,"href":"https:\/\/www.liciad.com\/en\/wp-json\/wp\/v2\/users\/1"}],"replies":[{"embeddable":true,"href":"https:\/\/www.liciad.com\/en\/wp-json\/wp\/v2\/comments?post=9"}],"version-history":[{"count":35,"href":"https:\/\/www.liciad.com\/en\/wp-json\/wp\/v2\/pages\/9\/revisions"}],"predecessor-version":[{"id":3694,"href":"https:\/\/www.liciad.com\/en\/wp-json\/wp\/v2\/pages\/9\/revisions\/3694"}],"wp:attachment":[{"href":"https:\/\/www.liciad.com\/en\/wp-json\/wp\/v2\/media?parent=9"}],"curies":[{"name":"wp","href":"https:\/\/api.w.org\/{rel}","templated":true}]}}